{"id":13758,"date":"2022-02-02T11:13:50","date_gmt":"2022-02-02T11:13:50","guid":{"rendered":"https:\/\/yourcryptolibrary.com\/?page_id=13758"},"modified":"2022-10-03T18:07:21","modified_gmt":"2022-10-03T18:07:21","slug":"bitcoin-exchange","status":"publish","type":"page","link":"https:\/\/yourcryptolibrary.com\/nl\/bitcoin\/bitcoin-exchange\/","title":{"rendered":"Bitcoin exchange | Crypto &amp; Trading"},"content":{"rendered":"<div data-elementor-type=\"wp-page\" data-elementor-id=\"13758\" class=\"elementor elementor-13758\" data-elementor-post-type=\"page\">\n\t\t\t\t\t\t<section class=\"elementor-section elementor-top-section elementor-element elementor-element-9e83f77 elementor-section-boxed elementor-section-height-default elementor-section-height-default\" data-id=\"9e83f77\" data-element_type=\"section\" data-e-type=\"section\">\n\t\t\t\t\t\t<div class=\"elementor-container elementor-column-gap-default\">\n\t\t\t\t\t<div class=\"elementor-column elementor-col-100 elementor-top-column elementor-element elementor-element-facffd3\" data-id=\"facffd3\" data-element_type=\"column\" data-e-type=\"column\">\n\t\t\t<div class=\"elementor-widget-wrap elementor-element-populated\">\n\t\t\t\t\t\t<div class=\"elementor-element elementor-element-b3a760c elementor-widget elementor-widget-text-editor\" data-id=\"b3a760c\" data-element_type=\"widget\" data-e-type=\"widget\" data-widget_type=\"text-editor.default\">\n\t\t\t\t<div class=\"elementor-widget-container\">\n\t\t\t\t\t\t\t\t\t<p>Bitcoin kopen op een exchange kan steeds makkelijker en Je kunt tegenwoordig op veel manieren aan je Bitcoin komen want de cryptocurrency markt ontwikkeld zich snel en word steeds bekender onder het grote publiek. Waar het in de begintijden van Bitcoin  alleen mogelijk was voor de echte computerfanaat om Bitcoin te kopen is het nu bijna net zo makkelijk als online kleding bestellen. Dit hebben we te danken aan het volwassen worden van het blockchain ecosysteem en de talloze ontwikkelingen. Denk aan de hoeveelheid verkooppunten, het afrekenen met IDEAL, de verbeterde veiligheid en voorzorgsmaatregelen die er tegenwoordig zijn om je investering te beschermen.<\/p>\t\t\t\t\t\t\t\t<\/div>\n\t\t\t\t<\/div>\n\t\t\t\t<section class=\"elementor-section elementor-inner-section elementor-element elementor-element-1115247 elementor-section-boxed elementor-section-height-default elementor-section-height-default\" data-id=\"1115247\" data-element_type=\"section\" data-e-type=\"section\">\n\t\t\t\t\t\t<div class=\"elementor-container elementor-column-gap-default\">\n\t\t\t\t\t<div class=\"elementor-column elementor-col-50 elementor-inner-column elementor-element elementor-element-b194c7f\" data-id=\"b194c7f\" data-element_type=\"column\" data-e-type=\"column\">\n\t\t\t<div class=\"elementor-widget-wrap elementor-element-populated\">\n\t\t\t\t\t\t<div class=\"elementor-element elementor-element-69c71d9 elementor-align-center elementor-widget elementor-widget-button\" data-id=\"69c71d9\" data-element_type=\"widget\" data-e-type=\"widget\" data-widget_type=\"button.default\">\n\t\t\t\t<div class=\"elementor-widget-container\">\n\t\t\t\t\t\t\t\t\t<div class=\"elementor-button-wrapper\">\n\t\t\t\t\t<a class=\"elementor-button elementor-button-link elementor-size-sm\" href=\"#\">\n\t\t\t\t\t\t<span class=\"elementor-button-content-wrapper\">\n\t\t\t\t\t\t\t\t\t<span class=\"elementor-button-text\">Meer informatie over cryptocurrencies<\/span>\n\t\t\t\t\t<\/span>\n\t\t\t\t\t<\/a>\n\t\t\t\t<\/div>\n\t\t\t\t\t\t\t\t<\/div>\n\t\t\t\t<\/div>\n\t\t\t\t\t<\/div>\n\t\t<\/div>\n\t\t\t\t<div class=\"elementor-column elementor-col-50 elementor-inner-column elementor-element elementor-element-1b08d98\" data-id=\"1b08d98\" data-element_type=\"column\" data-e-type=\"column\">\n\t\t\t<div class=\"elementor-widget-wrap elementor-element-populated\">\n\t\t\t\t\t\t<div class=\"elementor-element elementor-element-21b1faa elementor-align-center elementor-widget elementor-widget-button\" data-id=\"21b1faa\" data-element_type=\"widget\" data-e-type=\"widget\" data-widget_type=\"button.default\">\n\t\t\t\t<div class=\"elementor-widget-container\">\n\t\t\t\t\t\t\t\t\t<div class=\"elementor-button-wrapper\">\n\t\t\t\t\t<a class=\"elementor-button elementor-button-link elementor-size-sm\" href=\"\/nl\/exchanges\/\" target=\"_blank\">\n\t\t\t\t\t\t<span class=\"elementor-button-content-wrapper\">\n\t\t\t\t\t\t\t\t\t<span class=\"elementor-button-text\">Handel in cryptovaluta<\/span>\n\t\t\t\t\t<\/span>\n\t\t\t\t\t<\/a>\n\t\t\t\t<\/div>\n\t\t\t\t\t\t\t\t<\/div>\n\t\t\t\t<\/div>\n\t\t\t\t\t<\/div>\n\t\t<\/div>\n\t\t\t\t\t<\/div>\n\t\t<\/section>\n\t\t\t\t<div class=\"elementor-element elementor-element-6ded861 elementor-widget elementor-widget-text-editor\" data-id=\"6ded861\" data-element_type=\"widget\" data-e-type=\"widget\" data-widget_type=\"text-editor.default\">\n\t\t\t\t<div class=\"elementor-widget-container\">\n\t\t\t\t\t\t\t\t\t<h2>Waar koop je nu je Bitcoins?<\/h2><p>Dat doe je bij een cryptocurrency beurs, broker, handelsplatform of de meest voorkomende benaming een exchange. Tegenwoordig zijn er een hoop verkooppunten voor Bitcoin. Het voordeel voor de Bitcoin liefhebber is dat je Bitcoin bijna op elke echange kunt kopen aangezien het de meest bekende digitale munt is. Als je nou een kleine onbekende cryptocurrency op het oog hebt kan het zijn dat je even moet zoeken omdat deze niet overal te koop is.<\/p><p>Hoe bepaal je nou waar je de Bitcoins wil kopen, het kan in het begin best overweldigend zijn wat er allemaal op je afkomt als je je hier in gaat verdiepen. Ten eerste is er enorm veel keuze voor een exchange naar wens. Dan zijn er ook nog verschillen in kosten, veiligheid en gebruikstoepassingen. Als beginner zal je andere wensen hebben dan een ervaren handelaar.<\/p><p>Waar je mee kunt beginnen is determining wat je doel is. Ga je voor gebruiksgemak, wil je voor de lange termijn handelen of beleggen? Nu heeft een makelaar soms ook een ruilfunctie. U kunt eenvoudig crypto kopen en verkopen bij de broker, maar u heeft ook de mogelijkheid om over te stappen naar de professionele interface waar u direct kunt handelen. Hier kunt u koop- en verkooporders plaatsen tegen bepaalde prijsniveaus, of de markt verhandelen met anderen. Om een goed beeld te krijgen van de mogelijkheden hebben wij bij Cryptobieb veel review&#039;s en handleidingen geschreven over een groot aantal cryptobeurzen. Het is raadzaam om je hier te ori\u00ebnteren, omdat je dan een goed beeld krijgt van wat de mogelijkheden zijn en je dus goed ge\u00efnformeerd en voorbereid aan de slag kunt. Als je een keuze hebt kunnen maken, ben je ook met \u00e9\u00e9n klik op de juiste website. Lijkt je dit interessant, kijk dan eens op onze <a href=\"\/nl\/exchanges\/\">'exchange'<\/a> omgeving.<\/p>\t\t\t\t\t\t\t\t<\/div>\n\t\t\t\t<\/div>\n\t\t\t\t<div class=\"elementor-element elementor-element-89ae124 elementor-widget elementor-widget-image\" data-id=\"89ae124\" data-element_type=\"widget\" data-e-type=\"widget\" data-widget_type=\"image.default\">\n\t\t\t\t<div class=\"elementor-widget-container\">\n\t\t\t\t\t\t\t\t\t\t\t\t\t\t\t<img fetchpriority=\"high\" decoding=\"async\" width=\"500\" height=\"335\" src=\"https:\/\/yourcryptolibrary.com\/wp-content\/uploads\/2022\/02\/Yourcryptolibrary-bitcoin-exchange.jpg\" class=\"attachment-large size-large wp-image-13760\" alt=\"Uwcryptobibliotheek-bitcoin-uitwisseling\" srcset=\"https:\/\/yourcryptolibrary.com\/wp-content\/uploads\/2022\/02\/Yourcryptolibrary-bitcoin-exchange.jpg 500w, https:\/\/yourcryptolibrary.com\/wp-content\/uploads\/2022\/02\/Yourcryptolibrary-bitcoin-exchange-300x201.jpg 300w, https:\/\/yourcryptolibrary.com\/wp-content\/uploads\/2022\/02\/Yourcryptolibrary-bitcoin-exchange-18x12.jpg 18w\" sizes=\"(max-width: 500px) 100vw, 500px\" \/>\t\t\t\t\t\t\t\t\t\t\t\t\t\t\t<\/div>\n\t\t\t\t<\/div>\n\t\t\t\t\t<\/div>\n\t\t<\/div>\n\t\t\t\t\t<\/div>\n\t\t<\/section>\n\t\t\t\t<\/div>","protected":false},"excerpt":{"rendered":"<p>Buying Bitcoin on an exchange is becoming easier and you can get your Bitcoin in many ways nowadays because the cryptocurrency market is developing rapidly and is becoming more and more known among the general public. Where in the early days of Bitcoin it was only possible for the real computer fan to buy Bitcoin, [&hellip;]<\/p>\n","protected":false},"author":3,"featured_media":15759,"parent":657,"menu_order":0,"comment_status":"closed","ping_status":"closed","template":"","meta":{"_acf_changed":false,"footnotes":""},"class_list":["post-13758","page","type-page","status-publish","has-post-thumbnail","hentry"],"acf":[],"yoast_head":"<!-- This site is optimized with the Yoast SEO plugin v27.4 - https:\/\/yoast.com\/product\/yoast-seo-wordpress\/ -->\n<title>Bitcoin exchange<\/title>\n<meta name=\"description\" content=\"Discover about Bitcoin exchange, including key insights, resources, and detailed information. Explore this page to get the knowledge you need.\" \/>\n<meta name=\"robots\" content=\"index, follow, max-snippet:-1, max-image-preview:large, max-video-preview:-1\" \/>\n<link rel=\"canonical\" href=\"https:\/\/yourcryptolibrary.com\/nl\/bitcoin\/bitcoin-exchange\/\" \/>\n<meta property=\"og:locale\" content=\"nl_NL\" \/>\n<meta property=\"og:type\" content=\"article\" \/>\n<meta property=\"og:title\" content=\"Bitcoin exchange\" \/>\n<meta property=\"og:description\" content=\"Discover about Bitcoin exchange, including key insights, resources, and detailed information. Explore this page to get the knowledge you need.\" \/>\n<meta property=\"og:url\" content=\"https:\/\/yourcryptolibrary.com\/nl\/bitcoin\/bitcoin-exchange\/\" \/>\n<meta property=\"og:site_name\" content=\"YourCryptoLibrary\" \/>\n<meta property=\"article:modified_time\" content=\"2022-10-03T18:07:21+00:00\" \/>\n<meta property=\"og:image\" content=\"https:\/\/yourcryptolibrary.com\/wp-content\/uploads\/2022\/03\/cryptolibrary-header-bitcoin-trade1-300x169-1.jpg\" \/>\n\t<meta property=\"og:image:width\" content=\"300\" \/>\n\t<meta property=\"og:image:height\" content=\"169\" \/>\n\t<meta property=\"og:image:type\" content=\"image\/jpeg\" \/>\n<meta name=\"twitter:card\" content=\"summary_large_image\" \/>\n<meta name=\"twitter:label1\" content=\"Geschatte leestijd\" \/>\n\t<meta name=\"twitter:data1\" content=\"3 minuten\" \/>\n<script type=\"application\/ld+json\" class=\"yoast-schema-graph\">{\"@context\":\"https:\\\/\\\/schema.org\",\"@graph\":[{\"@type\":\"WebPage\",\"@id\":\"https:\\\/\\\/yourcryptolibrary.com\\\/bitcoin\\\/bitcoin-exchange\\\/\",\"url\":\"https:\\\/\\\/yourcryptolibrary.com\\\/bitcoin\\\/bitcoin-exchange\\\/\",\"name\":\"Bitcoin exchange\",\"isPartOf\":{\"@id\":\"https:\\\/\\\/yourcryptolibrary.com\\\/nl\\\/#website\"},\"primaryImageOfPage\":{\"@id\":\"https:\\\/\\\/yourcryptolibrary.com\\\/bitcoin\\\/bitcoin-exchange\\\/#primaryimage\"},\"image\":{\"@id\":\"https:\\\/\\\/yourcryptolibrary.com\\\/bitcoin\\\/bitcoin-exchange\\\/#primaryimage\"},\"thumbnailUrl\":\"https:\\\/\\\/yourcryptolibrary.com\\\/wp-content\\\/uploads\\\/2022\\\/03\\\/cryptolibrary-header-bitcoin-trade1-300x169-1.jpg\",\"datePublished\":\"2022-02-02T11:13:50+00:00\",\"dateModified\":\"2022-10-03T18:07:21+00:00\",\"description\":\"Discover about Bitcoin exchange, including key insights, resources, and detailed information. Explore this page to get the knowledge you need.\",\"breadcrumb\":{\"@id\":\"https:\\\/\\\/yourcryptolibrary.com\\\/bitcoin\\\/bitcoin-exchange\\\/#breadcrumb\"},\"inLanguage\":\"nl-NL\",\"potentialAction\":[{\"@type\":\"ReadAction\",\"target\":[\"https:\\\/\\\/yourcryptolibrary.com\\\/bitcoin\\\/bitcoin-exchange\\\/\"]}]},{\"@type\":\"ImageObject\",\"inLanguage\":\"nl-NL\",\"@id\":\"https:\\\/\\\/yourcryptolibrary.com\\\/bitcoin\\\/bitcoin-exchange\\\/#primaryimage\",\"url\":\"https:\\\/\\\/yourcryptolibrary.com\\\/wp-content\\\/uploads\\\/2022\\\/03\\\/cryptolibrary-header-bitcoin-trade1-300x169-1.jpg\",\"contentUrl\":\"https:\\\/\\\/yourcryptolibrary.com\\\/wp-content\\\/uploads\\\/2022\\\/03\\\/cryptolibrary-header-bitcoin-trade1-300x169-1.jpg\",\"width\":300,\"height\":169},{\"@type\":\"BreadcrumbList\",\"@id\":\"https:\\\/\\\/yourcryptolibrary.com\\\/bitcoin\\\/bitcoin-exchange\\\/#breadcrumb\",\"itemListElement\":[{\"@type\":\"ListItem\",\"position\":1,\"name\":\"Home\",\"item\":\"https:\\\/\\\/yourcryptolibrary.com\\\/\"},{\"@type\":\"ListItem\",\"position\":2,\"name\":\"Bitcoin\",\"item\":\"https:\\\/\\\/yourcryptolibrary.com\\\/bitcoin\\\/\"},{\"@type\":\"ListItem\",\"position\":3,\"name\":\"Bitcoin exchange\"}]},{\"@type\":\"WebSite\",\"@id\":\"https:\\\/\\\/yourcryptolibrary.com\\\/nl\\\/#website\",\"url\":\"https:\\\/\\\/yourcryptolibrary.com\\\/nl\\\/\",\"name\":\"YourCryptoLibrary\",\"description\":\"Learn more about Cryptocurrency\",\"publisher\":{\"@id\":\"https:\\\/\\\/yourcryptolibrary.com\\\/nl\\\/#organization\"},\"potentialAction\":[{\"@type\":\"SearchAction\",\"target\":{\"@type\":\"EntryPoint\",\"urlTemplate\":\"https:\\\/\\\/yourcryptolibrary.com\\\/nl\\\/?s={search_term_string}\"},\"query-input\":{\"@type\":\"PropertyValueSpecification\",\"valueRequired\":true,\"valueName\":\"search_term_string\"}}],\"inLanguage\":\"nl-NL\"},{\"@type\":\"Organization\",\"@id\":\"https:\\\/\\\/yourcryptolibrary.com\\\/nl\\\/#organization\",\"name\":\"YourCryptoLibrary\",\"url\":\"https:\\\/\\\/yourcryptolibrary.com\\\/nl\\\/\",\"logo\":{\"@type\":\"ImageObject\",\"inLanguage\":\"nl-NL\",\"@id\":\"https:\\\/\\\/yourcryptolibrary.com\\\/nl\\\/#\\\/schema\\\/logo\\\/image\\\/\",\"url\":\"https:\\\/\\\/yourcryptolibrary.com\\\/wp-content\\\/uploads\\\/2021\\\/09\\\/Yourcryptolibrary-logo.svg\",\"contentUrl\":\"https:\\\/\\\/yourcryptolibrary.com\\\/wp-content\\\/uploads\\\/2021\\\/09\\\/Yourcryptolibrary-logo.svg\",\"width\":780,\"height\":200,\"caption\":\"YourCryptoLibrary\"},\"image\":{\"@id\":\"https:\\\/\\\/yourcryptolibrary.com\\\/nl\\\/#\\\/schema\\\/logo\\\/image\\\/\"}}]}<\/script>\n<!-- \/ Yoast SEO plugin. -->","yoast_head_json":{"title":"Bitcoin exchange | Crypto &amp; Trading","description":"Ontdek de Bitcoin uitwisseling, inclusief belangrijke inzichten, bronnen en gedetailleerde informatie. Verken deze pagina om de kennis te krijgen die u nodig hebt.","robots":{"index":"index","follow":"follow","max-snippet":"max-snippet:-1","max-image-preview":"max-image-preview:large","max-video-preview":"max-video-preview:-1"},"canonical":"https:\/\/yourcryptolibrary.com\/nl\/bitcoin\/bitcoin-exchange\/","og_locale":"nl_NL","og_type":"article","og_title":"Bitcoin exchange","og_description":"Discover about Bitcoin exchange, including key insights, resources, and detailed information. Explore this page to get the knowledge you need.","og_url":"https:\/\/yourcryptolibrary.com\/nl\/bitcoin\/bitcoin-exchange\/","og_site_name":"YourCryptoLibrary","article_modified_time":"2022-10-03T18:07:21+00:00","og_image":[{"width":300,"height":169,"url":"https:\/\/yourcryptolibrary.com\/wp-content\/uploads\/2022\/03\/cryptolibrary-header-bitcoin-trade1-300x169-1.jpg","type":"image\/jpeg"}],"twitter_card":"summary_large_image","twitter_misc":{"Geschatte leestijd":"3 minuten"},"schema":{"@context":"https:\/\/schema.org","@graph":[{"@type":"WebPage","@id":"https:\/\/yourcryptolibrary.com\/bitcoin\/bitcoin-exchange\/","url":"https:\/\/yourcryptolibrary.com\/bitcoin\/bitcoin-exchange\/","name":"Bitcoin exchange | Crypto &amp; Trading","isPartOf":{"@id":"https:\/\/yourcryptolibrary.com\/nl\/#website"},"primaryImageOfPage":{"@id":"https:\/\/yourcryptolibrary.com\/bitcoin\/bitcoin-exchange\/#primaryimage"},"image":{"@id":"https:\/\/yourcryptolibrary.com\/bitcoin\/bitcoin-exchange\/#primaryimage"},"thumbnailUrl":"https:\/\/yourcryptolibrary.com\/wp-content\/uploads\/2022\/03\/cryptolibrary-header-bitcoin-trade1-300x169-1.jpg","datePublished":"2022-02-02T11:13:50+00:00","dateModified":"2022-10-03T18:07:21+00:00","description":"Ontdek de Bitcoin uitwisseling, inclusief belangrijke inzichten, bronnen en gedetailleerde informatie. Verken deze pagina om de kennis te krijgen die u nodig hebt.","breadcrumb":{"@id":"https:\/\/yourcryptolibrary.com\/bitcoin\/bitcoin-exchange\/#breadcrumb"},"inLanguage":"nl-NL","potentialAction":[{"@type":"ReadAction","target":["https:\/\/yourcryptolibrary.com\/bitcoin\/bitcoin-exchange\/"]}]},{"@type":"ImageObject","inLanguage":"nl-NL","@id":"https:\/\/yourcryptolibrary.com\/bitcoin\/bitcoin-exchange\/#primaryimage","url":"https:\/\/yourcryptolibrary.com\/wp-content\/uploads\/2022\/03\/cryptolibrary-header-bitcoin-trade1-300x169-1.jpg","contentUrl":"https:\/\/yourcryptolibrary.com\/wp-content\/uploads\/2022\/03\/cryptolibrary-header-bitcoin-trade1-300x169-1.jpg","width":300,"height":169},{"@type":"BreadcrumbList","@id":"https:\/\/yourcryptolibrary.com\/bitcoin\/bitcoin-exchange\/#breadcrumb","itemListElement":[{"@type":"ListItem","position":1,"name":"Home","item":"https:\/\/yourcryptolibrary.com\/"},{"@type":"ListItem","position":2,"name":"Bitcoin","item":"https:\/\/yourcryptolibrary.com\/bitcoin\/"},{"@type":"ListItem","position":3,"name":"Bitcoin exchange"}]},{"@type":"WebSite","@id":"https:\/\/yourcryptolibrary.com\/nl\/#website","url":"https:\/\/yourcryptolibrary.com\/nl\/","name":"YourCryptoLibrary","description":"Meer informatie over cryptovaluta","publisher":{"@id":"https:\/\/yourcryptolibrary.com\/nl\/#organization"},"potentialAction":[{"@type":"SearchAction","target":{"@type":"EntryPoint","urlTemplate":"https:\/\/yourcryptolibrary.com\/nl\/?s={search_term_string}"},"query-input":{"@type":"PropertyValueSpecification","valueRequired":true,"valueName":"search_term_string"}}],"inLanguage":"nl-NL"},{"@type":"Organization","@id":"https:\/\/yourcryptolibrary.com\/nl\/#organization","name":"YourCryptoLibrary","url":"https:\/\/yourcryptolibrary.com\/nl\/","logo":{"@type":"ImageObject","inLanguage":"nl-NL","@id":"https:\/\/yourcryptolibrary.com\/nl\/#\/schema\/logo\/image\/","url":"https:\/\/yourcryptolibrary.com\/wp-content\/uploads\/2021\/09\/Yourcryptolibrary-logo.svg","contentUrl":"https:\/\/yourcryptolibrary.com\/wp-content\/uploads\/2021\/09\/Yourcryptolibrary-logo.svg","width":780,"height":200,"caption":"YourCryptoLibrary"},"image":{"@id":"https:\/\/yourcryptolibrary.com\/nl\/#\/schema\/logo\/image\/"}}]}},"_links":{"self":[{"href":"https:\/\/yourcryptolibrary.com\/nl\/wp-json\/wp\/v2\/pages\/13758","targetHints":{"allow":["GET"]}}],"collection":[{"href":"https:\/\/yourcryptolibrary.com\/nl\/wp-json\/wp\/v2\/pages"}],"about":[{"href":"https:\/\/yourcryptolibrary.com\/nl\/wp-json\/wp\/v2\/types\/page"}],"author":[{"embeddable":true,"href":"https:\/\/yourcryptolibrary.com\/nl\/wp-json\/wp\/v2\/users\/3"}],"replies":[{"embeddable":true,"href":"https:\/\/yourcryptolibrary.com\/nl\/wp-json\/wp\/v2\/comments?post=13758"}],"version-history":[{"count":0,"href":"https:\/\/yourcryptolibrary.com\/nl\/wp-json\/wp\/v2\/pages\/13758\/revisions"}],"up":[{"embeddable":true,"href":"https:\/\/yourcryptolibrary.com\/nl\/wp-json\/wp\/v2\/pages\/657"}],"wp:featuredmedia":[{"embeddable":true,"href":"https:\/\/yourcryptolibrary.com\/nl\/wp-json\/wp\/v2\/media\/15759"}],"wp:attachment":[{"href":"https:\/\/yourcryptolibrary.com\/nl\/wp-json\/wp\/v2\/media?parent=13758"}],"curies":[{"name":"wp","href":"https:\/\/api.w.org\/{rel}","templated":true}]}}